{"id":260,"date":"2023-05-15T17:33:17","date_gmt":"2023-05-15T17:33:17","guid":{"rendered":"https:\/\/www.goldconta.com\/?page_id=260"},"modified":"2023-05-17T09:20:23","modified_gmt":"2023-05-17T09:20:23","slug":"recursos-humanos","status":"publish","type":"page","link":"https:\/\/www.goldconta.com\/?page_id=260","title":{"rendered":""},"content":{"rendered":"\n\n\n<div class=\"wp-block-columns alignfull is-layout-flex wp-container-core-columns-is-layout-2 wp-block-columns-is-layout-flex\">\n<div class=\"wp-block-column is-layout-flow wp-block-column-is-layout-flow\" style=\"flex-basis:50%\">\n<div class=\"wp-block-cover is-light\" style=\"min-height:600px;aspect-ratio:unset;\"><span aria-hidden=\"true\" class=\"wp-block-cover__background has-background-dim-100 has-background-dim\" style=\"background-color:#f6f6f6\"><\/span><div class=\"wp-block-cover__inner-container is-layout-flow wp-block-cover-is-layout-flow\"><div class=\"wp-block-image\">\n<figure class=\"aligncenter size-large\"><img loading=\"lazy\" decoding=\"async\" width=\"1024\" height=\"682\" src=\"https:\/\/www.goldconta.com\/wp-content\/uploads\/2023\/05\/woman-selecting-pictures-people_Easy-Resize.com_-1-1024x682.jpg\" alt=\"\" class=\"wp-image-261\" srcset=\"https:\/\/www.goldconta.com\/wp-content\/uploads\/2023\/05\/woman-selecting-pictures-people_Easy-Resize.com_-1-1024x682.jpg 1024w, https:\/\/www.goldconta.com\/wp-content\/uploads\/2023\/05\/woman-selecting-pictures-people_Easy-Resize.com_-1-300x200.jpg 300w, https:\/\/www.goldconta.com\/wp-content\/uploads\/2023\/05\/woman-selecting-pictures-people_Easy-Resize.com_-1-768x512.jpg 768w, https:\/\/www.goldconta.com\/wp-content\/uploads\/2023\/05\/woman-selecting-pictures-people_Easy-Resize.com_-1-1200x800.jpg 1200w, https:\/\/www.goldconta.com\/wp-content\/uploads\/2023\/05\/woman-selecting-pictures-people_Easy-Resize.com_-1.jpg 1280w\" sizes=\"(max-width: 709px) 85vw, (max-width: 909px) 67vw, (max-width: 1362px) 62vw, 840px\" \/><\/figure><\/div><\/div><\/div>\n<\/div>\n\n\n\n<div class=\"wp-block-column is-vertically-aligned-center is-layout-flow wp-block-column-is-layout-flow\" style=\"padding-top:1em;padding-right:1em;padding-bottom:1em;padding-left:1em\">\n<div class=\"wp-block-columns is-layout-flex wp-container-core-columns-is-layout-1 wp-block-columns-is-layout-flex\">\n<div class=\"wp-block-column is-layout-flow wp-block-column-is-layout-flow\" style=\"flex-basis:320px\">\n<p class=\"has-small-font-size\" style=\"line-height:1.6\"><strong>Recursos Humanos<\/strong><\/p>\n\n\n\n<p>Sabemos que o capital humano \u00e9 o cora\u00e7\u00e3o de qualquer organiza\u00e7\u00e3o bem-sucedida. \u00c9 por isso que estamos aqui para oferecer solu\u00e7\u00f5es abrangentes e eficazes de gest\u00e3o de recursos humanos, projetadas especificamente para atender \u00e0s necessidades da sua empresa em Portugal.<\/p>\n<\/div>\n<\/div>\n<\/div>\n<\/div>\n","protected":false},"excerpt":{"rendered":"<p>Recursos Humanos Sabemos que o capital humano \u00e9 o cora\u00e7\u00e3o de qualquer organiza\u00e7\u00e3o bem-sucedida. \u00c9 por isso que estamos aqui para oferecer solu\u00e7\u00f5es abrangentes e eficazes de gest\u00e3o de recursos humanos, projetadas especificamente para atender \u00e0s necessidades da sua empresa em Portugal.<\/p>\n","protected":false},"author":2,"featured_media":0,"parent":7,"menu_order":0,"comment_status":"closed","ping_status":"closed","template":"","meta":{"footnotes":""},"_links":{"self":[{"href":"https:\/\/www.goldconta.com\/index.php?rest_route=\/wp\/v2\/pages\/260"}],"collection":[{"href":"https:\/\/www.goldconta.com\/index.php?rest_route=\/wp\/v2\/pages"}],"about":[{"href":"https:\/\/www.goldconta.com\/index.php?rest_route=\/wp\/v2\/types\/page"}],"author":[{"embeddable":true,"href":"https:\/\/www.goldconta.com\/index.php?rest_route=\/wp\/v2\/users\/2"}],"replies":[{"embeddable":true,"href":"https:\/\/www.goldconta.com\/index.php?rest_route=%2Fwp%2Fv2%2Fcomments&post=260"}],"version-history":[{"count":3,"href":"https:\/\/www.goldconta.com\/index.php?rest_route=\/wp\/v2\/pages\/260\/revisions"}],"predecessor-version":[{"id":341,"href":"https:\/\/www.goldconta.com\/index.php?rest_route=\/wp\/v2\/pages\/260\/revisions\/341"}],"up":[{"embeddable":true,"href":"https:\/\/www.goldconta.com\/index.php?rest_route=\/wp\/v2\/pages\/7"}],"wp:attachment":[{"href":"https:\/\/www.goldconta.com\/index.php?rest_route=%2Fwp%2Fv2%2Fmedia&parent=260"}],"curies":[{"name":"wp","href":"https:\/\/api.w.org\/{rel}","templated":true}]}}