{"id":280,"date":"2023-05-15T18:03:24","date_gmt":"2023-05-15T18:03:24","guid":{"rendered":"https:\/\/www.goldconta.com\/?page_id=280"},"modified":"2023-05-17T09:18:12","modified_gmt":"2023-05-17T09:18:12","slug":"licenciamentos","status":"publish","type":"page","link":"https:\/\/www.goldconta.com\/?page_id=280","title":{"rendered":""},"content":{"rendered":"\n\n\n<div class=\"wp-block-columns alignfull is-layout-flex wp-container-core-columns-is-layout-2 wp-block-columns-is-layout-flex\">\n<div class=\"wp-block-column is-layout-flow wp-block-column-is-layout-flow\" style=\"flex-basis:50%\">\n<div class=\"wp-block-cover is-light\" style=\"min-height:600px;aspect-ratio:unset;\"><span aria-hidden=\"true\" class=\"wp-block-cover__background has-background-dim-100 has-background-dim\" style=\"background-color:#f6f6f6\"><\/span><div class=\"wp-block-cover__inner-container is-layout-flow wp-block-cover-is-layout-flow\"><div class=\"wp-block-image\">\n<figure class=\"aligncenter size-large\"><img loading=\"lazy\" decoding=\"async\" width=\"1024\" height=\"683\" src=\"https:\/\/www.goldconta.com\/wp-content\/uploads\/2023\/05\/visa-application-form-composition-1024x683.jpg\" alt=\"\" class=\"wp-image-281\" srcset=\"https:\/\/www.goldconta.com\/wp-content\/uploads\/2023\/05\/visa-application-form-composition-1024x683.jpg 1024w, https:\/\/www.goldconta.com\/wp-content\/uploads\/2023\/05\/visa-application-form-composition-300x200.jpg 300w, https:\/\/www.goldconta.com\/wp-content\/uploads\/2023\/05\/visa-application-form-composition-768x512.jpg 768w, https:\/\/www.goldconta.com\/wp-content\/uploads\/2023\/05\/visa-application-form-composition-1536x1024.jpg 1536w, https:\/\/www.goldconta.com\/wp-content\/uploads\/2023\/05\/visa-application-form-composition-2048x1365.jpg 2048w, https:\/\/www.goldconta.com\/wp-content\/uploads\/2023\/05\/visa-application-form-composition-1200x800.jpg 1200w\" sizes=\"(max-width: 709px) 85vw, (max-width: 909px) 67vw, (max-width: 1362px) 62vw, 840px\" \/><\/figure><\/div><\/div><\/div>\n<\/div>\n\n\n\n<div class=\"wp-block-column is-vertically-aligned-center is-layout-flow wp-block-column-is-layout-flow\" style=\"padding-top:1em;padding-right:1em;padding-bottom:1em;padding-left:1em\">\n<div class=\"wp-block-columns is-layout-flex wp-container-core-columns-is-layout-1 wp-block-columns-is-layout-flex\">\n<div class=\"wp-block-column is-layout-flow wp-block-column-is-layout-flow\" style=\"flex-basis:320px\">\n<p class=\"has-small-font-size\" style=\"line-height:1.6\">Licenciamentos<\/p>\n\n\n\n<p>Estamos aqui para simplificar e agilizar o processo de licenciamento, oferecendo servi\u00e7os especializados de consultoria e assessoria em licenciamentos.<\/p>\n\n\n\n<p>A nossa equipa de especialistas altamente qualificados e conhecedores das regulamenta\u00e7\u00f5es locais est\u00e1 pronta para o ajudar a navegar pelo complexo processo de obten\u00e7\u00e3o de licen\u00e7as. Compreendemos os requisitos espec\u00edficos de diferentes setores de atividade, desde com\u00e9rcio e servi\u00e7os at\u00e9 ind\u00fastria e constru\u00e7\u00e3o, e estamos familiarizados com os procedimentos necess\u00e1rios para a obten\u00e7\u00e3o de licen\u00e7as em cada \u00e1rea.<\/p>\n\n\n\n<p>Valorizamos a efici\u00eancia e a agilidade do nosso trabalho. O nosso objetivo \u00e9 facilitar o processo de licenciamento, reduzindo o tempo e os esfor\u00e7os necess\u00e1rios para que possa iniciar ou expandir o seu neg\u00f3cio o mais r\u00e1pido poss\u00edvel.<\/p>\n<\/div>\n<\/div>\n<\/div>\n<\/div>\n","protected":false},"excerpt":{"rendered":"<p>Licenciamentos Estamos aqui para simplificar e agilizar o processo de licenciamento, oferecendo servi\u00e7os especializados de consultoria e assessoria em licenciamentos. A nossa equipa de especialistas altamente qualificados e conhecedores das regulamenta\u00e7\u00f5es locais est\u00e1 pronta para o ajudar a navegar pelo complexo processo de obten\u00e7\u00e3o de licen\u00e7as. Compreendemos os requisitos espec\u00edficos de diferentes setores de atividade, &hellip; <a href=\"https:\/\/www.goldconta.com\/?page_id=280\" class=\"more-link\">Continue reading<span class=\"screen-reader-text\"> &#8220;&#8221;<\/span><\/a><\/p>\n","protected":false},"author":2,"featured_media":0,"parent":7,"menu_order":0,"comment_status":"closed","ping_status":"closed","template":"","meta":{"footnotes":""},"_links":{"self":[{"href":"https:\/\/www.goldconta.com\/index.php?rest_route=\/wp\/v2\/pages\/280"}],"collection":[{"href":"https:\/\/www.goldconta.com\/index.php?rest_route=\/wp\/v2\/pages"}],"about":[{"href":"https:\/\/www.goldconta.com\/index.php?rest_route=\/wp\/v2\/types\/page"}],"author":[{"embeddable":true,"href":"https:\/\/www.goldconta.com\/index.php?rest_route=\/wp\/v2\/users\/2"}],"replies":[{"embeddable":true,"href":"https:\/\/www.goldconta.com\/index.php?rest_route=%2Fwp%2Fv2%2Fcomments&post=280"}],"version-history":[{"count":4,"href":"https:\/\/www.goldconta.com\/index.php?rest_route=\/wp\/v2\/pages\/280\/revisions"}],"predecessor-version":[{"id":335,"href":"https:\/\/www.goldconta.com\/index.php?rest_route=\/wp\/v2\/pages\/280\/revisions\/335"}],"up":[{"embeddable":true,"href":"https:\/\/www.goldconta.com\/index.php?rest_route=\/wp\/v2\/pages\/7"}],"wp:attachment":[{"href":"https:\/\/www.goldconta.com\/index.php?rest_route=%2Fwp%2Fv2%2Fmedia&parent=280"}],"curies":[{"name":"wp","href":"https:\/\/api.w.org\/{rel}","templated":true}]}}